{"id":25,"date":"2023-10-06T12:18:27","date_gmt":"2023-10-06T12:18:27","guid":{"rendered":"https:\/\/mogai.com.br\/site\/?page_id=25"},"modified":"2024-06-11T14:02:12","modified_gmt":"2024-06-11T17:02:12","slug":"sobre","status":"publish","type":"page","link":"https:\/\/mogai.com.br\/en\/sobre\/","title":{"rendered":"ABOUT"},"content":{"rendered":"<div data-elementor-type=\"wp-page\" data-elementor-id=\"25\" class=\"elementor elementor-25\" data-elementor-post-type=\"page\">\n\t\t\t\t\t\t<section class=\"elementor-section elementor-top-section elementor-element elementor-element-5b13df5e elementor-section-boxed elementor-section-height-default elementor-section-height-default tf-sticky-section tf-sticky-no\" data-id=\"5b13df5e\" data-element_type=\"section\" data-e-type=\"section\" data-settings=\"{&quot;background_background&quot;:&quot;classic&quot;,&quot;tf_sticky&quot;:&quot;no&quot;}\">\n\t\t\t\t\t\t\t<div class=\"elementor-background-overlay\"><\/div>\n\t\t\t\t\t\t\t<div class=\"elementor-container elementor-column-gap-default\">\n\t\t\t\t\t<div class=\"elementor-column elementor-col-100 elementor-top-column elementor-element elementor-element-a2044e0\" data-id=\"a2044e0\" data-element_type=\"column\" data-e-type=\"column\">\n\t\t\t<div class=\"elementor-widget-wrap elementor-element-populated\">\n\t\t\t\t\t\t<div class=\"elementor-element elementor-element-6c453ffa elementor-widget elementor-widget-heading\" data-id=\"6c453ffa\" data-element_type=\"widget\" data-e-type=\"widget\" data-widget_type=\"heading.default\">\n\t\t\t\t<div class=\"elementor-widget-container\">\n\t\t\t\t\t<h3 class=\"elementor-heading-title elementor-size-default\">ABOUT<\/h3>\t\t\t\t<\/div>\n\t\t\t\t<\/div>\n\t\t\t\t<div class=\"elementor-element elementor-element-5001be16 elementor-widget__width-initial elementor-widget-tablet__width-initial elementor-widget-mobile__width-inherit elementor-widget elementor-widget-heading\" data-id=\"5001be16\" data-element_type=\"widget\" data-e-type=\"widget\" data-widget_type=\"heading.default\">\n\t\t\t\t<div class=\"elementor-widget-container\">\n\t\t\t\t\t<p class=\"elementor-heading-title elementor-size-default\">\u201cMedir, monitorar e melhorar processos complexos de forma simples e objetiva\u201d \u00e9 o que nos move<\/p>\t\t\t\t<\/div>\n\t\t\t\t<\/div>\n\t\t\t\t\t<\/div>\n\t\t<\/div>\n\t\t\t\t\t<\/div>\n\t\t<\/section>\n\t\t\t\t<section class=\"elementor-section elementor-top-section elementor-element elementor-element-2590a119 elementor-section-boxed elementor-section-height-default elementor-section-height-default tf-sticky-section tf-sticky-no\" data-id=\"2590a119\" data-element_type=\"section\" data-e-type=\"section\" data-settings=\"{&quot;background_background&quot;:&quot;classic&quot;,&quot;tf_sticky&quot;:&quot;no&quot;}\">\n\t\t\t\t\t\t<div class=\"elementor-container elementor-column-gap-default\">\n\t\t\t\t\t<div class=\"elementor-column elementor-col-50 elementor-top-column elementor-element elementor-element-6cffbc91\" data-id=\"6cffbc91\" data-element_type=\"column\" data-e-type=\"column\">\n\t\t\t<div class=\"elementor-widget-wrap elementor-element-populated\">\n\t\t\t\t\t\t<div class=\"elementor-element elementor-element-60d4fd4d elementor-widget elementor-widget-heading\" data-id=\"60d4fd4d\" data-element_type=\"widget\" data-e-type=\"widget\" data-widget_type=\"heading.default\">\n\t\t\t\t<div class=\"elementor-widget-container\">\n\t\t\t\t\t<h2 class=\"elementor-heading-title elementor-size-default\">A Mogai surgiu, em 1997, da percep\u00e7\u00e3o da car\u00eancia do mercado por softwares voltados para qualidade e a falta de aplica\u00e7\u00e3o de t\u00e9cnicas de engenharia de softwares.\n\n<\/h2>\t\t\t\t<\/div>\n\t\t\t\t<\/div>\n\t\t\t\t<div class=\"elementor-element elementor-element-25a48362 elementor-widget elementor-widget-text-editor\" data-id=\"25a48362\" data-element_type=\"widget\" data-e-type=\"widget\" data-widget_type=\"text-editor.default\">\n\t\t\t\t<div class=\"elementor-widget-container\">\n\t\t\t\t\t\t\t\t\t<p>O primeiro contrato firmado foi com a Vale, que acabara de ser privatizada. O trabalho desenvolvido na empresa gerou uma grande bagagem para a Mogai que acabou ganhando mercado em outras grandes empresas do estado e, posteriormente, no mercado nacional, adquirindo experi\u00eancia no desenvolvimento de solu\u00e7\u00f5es para log\u00edstica empresarial. Em paralelo, deu-se in\u00edcio ao desenvolvimento na \u00e1rea de automa\u00e7\u00e3o de processos industriais com projetos na ArcelorMittal Tubar\u00e3o, onde foi implementado o projeto SincPreactor, case mundial no grupo ArcelorMittal.<\/p>\t\t\t\t\t\t\t\t<\/div>\n\t\t\t\t<\/div>\n\t\t\t\t\t<\/div>\n\t\t<\/div>\n\t\t\t\t<div class=\"elementor-column elementor-col-50 elementor-top-column elementor-element elementor-element-62104d80\" data-id=\"62104d80\" data-element_type=\"column\" data-e-type=\"column\">\n\t\t\t<div class=\"elementor-widget-wrap elementor-element-populated\">\n\t\t\t\t\t\t<section class=\"elementor-section elementor-inner-section elementor-element elementor-element-67bb68f6 elementor-section-full_width elementor-section-height-default elementor-section-height-default tf-sticky-section tf-sticky-no\" data-id=\"67bb68f6\" data-element_type=\"section\" data-e-type=\"section\" data-settings=\"{&quot;tf_sticky&quot;:&quot;no&quot;}\">\n\t\t\t\t\t\t<div class=\"elementor-container elementor-column-gap-default\">\n\t\t\t\t\t<div class=\"elementor-column elementor-col-50 elementor-inner-column elementor-element elementor-element-729faadc\" data-id=\"729faadc\" data-element_type=\"column\" data-e-type=\"column\">\n\t\t\t<div class=\"elementor-widget-wrap elementor-element-populated\">\n\t\t\t\t\t\t<div class=\"elementor-element elementor-element-4868558d elementor-widget__width-initial elementor-widget elementor-widget-spacer\" data-id=\"4868558d\" data-element_type=\"widget\" data-e-type=\"widget\" data-widget_type=\"spacer.default\">\n\t\t\t\t<div class=\"elementor-widget-container\">\n\t\t\t\t\t\t\t<div class=\"elementor-spacer\">\n\t\t\t<div class=\"elementor-spacer-inner\"><\/div>\n\t\t<\/div>\n\t\t\t\t\t\t<\/div>\n\t\t\t\t<\/div>\n\t\t\t\t<div class=\"elementor-element elementor-element-343e771c elementor-widget elementor-widget-image\" data-id=\"343e771c\" data-element_type=\"widget\" data-e-type=\"widget\" data-widget_type=\"image.default\">\n\t\t\t\t<div class=\"elementor-widget-container\">\n\t\t\t\t\t\t\t\t\t\t\t\t\t\t\t<img decoding=\"async\" src=\"https:\/\/mogai.com.br\/site\/wp-content\/uploads\/elementor\/thumbs\/img_award_16-PN26664-1-qdgoek6luiaefebhlz8kqnp0vv88o5yecdm8f5zdmi.jpg\" title=\"img_award_16-PN26664-1.jpg\" alt=\"img_award_16-PN26664-1.jpg\" loading=\"lazy\" \/>\t\t\t\t\t\t\t\t\t\t\t\t\t\t\t<\/div>\n\t\t\t\t<\/div>\n\t\t\t\t\t<\/div>\n\t\t<\/div>\n\t\t\t\t<div class=\"elementor-column elementor-col-50 elementor-inner-column elementor-element elementor-element-7a049eed elementor-hidden-tablet elementor-hidden-phone\" data-id=\"7a049eed\" data-element_type=\"column\" data-e-type=\"column\" data-settings=\"{&quot;background_background&quot;:&quot;classic&quot;}\">\n\t\t\t<div class=\"elementor-widget-wrap elementor-element-populated\">\n\t\t\t\t\t<div class=\"elementor-background-overlay\"><\/div>\n\t\t\t\t\t\t\t<\/div>\n\t\t<\/div>\n\t\t\t\t\t<\/div>\n\t\t<\/section>\n\t\t\t\t\t<\/div>\n\t\t<\/div>\n\t\t\t\t\t<\/div>\n\t\t<\/section>\n\t\t\t\t<section class=\"elementor-section elementor-top-section elementor-element elementor-element-6951cea1 elementor-section-boxed elementor-section-height-default elementor-section-height-default tf-sticky-section tf-sticky-no\" data-id=\"6951cea1\" data-element_type=\"section\" data-e-type=\"section\" data-settings=\"{&quot;background_background&quot;:&quot;classic&quot;,&quot;tf_sticky&quot;:&quot;no&quot;}\">\n\t\t\t\t\t\t<div class=\"elementor-container elementor-column-gap-default\">\n\t\t\t\t\t<div class=\"elementor-column elementor-col-100 elementor-top-column elementor-element elementor-element-10d0a8b3\" data-id=\"10d0a8b3\" data-element_type=\"column\" data-e-type=\"column\">\n\t\t\t<div class=\"elementor-widget-wrap elementor-element-populated\">\n\t\t\t\t\t\t<div class=\"elementor-element elementor-element-56410bc elementor-widget elementor-widget-text-editor\" data-id=\"56410bc\" data-element_type=\"widget\" data-e-type=\"widget\" data-widget_type=\"text-editor.default\">\n\t\t\t\t<div class=\"elementor-widget-container\">\n\t\t\t\t\t\t\t\t\t<p>Em 2006 a Mogai participou de seus primeiros editais de contrata\u00e7\u00e3o p\u00fablica, na Petrobras, ganhando um contrato de f\u00e1brica de software com metodologia de gerenciamento de projetos e m\u00e9trica por Pontos de Fun\u00e7\u00e3o. Esta forma de contrata\u00e7\u00e3o viria no ano de 2008 ser recomendada pelo Tribunal de Contas da Uni\u00e3o para contratos de desenvolvimento de software por todos \u00f3rg\u00e3os da administra\u00e7\u00e3o p\u00fablica. Ap\u00f3s 4 anos de projetos p\u00fablicos a empresa retornou o foco na vis\u00e3o artificial e no desenvolvimento de produtos.<\/p>\n<p>Devido \u00e0 proximidade que a empresa manteve com a UFES ao longo dos anos, foi poss\u00edvel ter contato com uma pesquisa que modelava matematicamente o c\u00f3rtex visual humano, permitindo a localiza\u00e7\u00e3o dos pontos no espa\u00e7o tridimensional a partir de um par de imagens bidimensionais. Esta tecnologia permitiria a cria\u00e7\u00e3o de produtos altamente inovadores para dimensionamento, posicionamento, escaneamento tridimensional, e serviria de base para outros, como reconhecimento facial, reconhecimento de padr\u00f5es e navega\u00e7\u00e3o rob\u00f3tica.<\/p>\n<p>Ap\u00f3s alguns anos de pesquisa, em 2016, o produto estava pronto e deu-se in\u00edcio a fase de presta\u00e7\u00e3o de servi\u00e7os no mercado de topografia para mineradoras e sider\u00fargicas, mesmo mercado que era atendido desde 1997, e, com o tempo, o produto foi aprimorado conforme as necessidades do mercado e experi\u00eancias do cliente. Em setembro de 2018, foi negociado o Fundo Primatec para investir no desenvolvimento de mais equipamentos.<\/p>\n<p>Mesmo com esses projetos, a empresa n\u00e3o deixou de atender na \u00e1rea log\u00edstica no \u00e2mbito nacional e internacional, que \u00e9 o caso do projeto Vale Mo\u00e7ambique. Al\u00e9m disso, a empresa seguiu na busca incessante por formas para diversificar a aplica\u00e7\u00e3o das tecnologias, tanto para produtos internos quanto para novas iniciativas. Exemplo disso \u00e9 o \u201cOlho do Dono\u201d, empresa premiada que conta com participa\u00e7\u00e3o societ\u00e1ria da Mogai e que, desde o in\u00edcio, teve nossa contribui\u00e7\u00e3o em termos de tecnologia, recursos e aconselhamento no desenvolvimento do projeto at\u00e9 o \u201cgo-to-market\u201d.<\/p>\t\t\t\t\t\t\t\t<\/div>\n\t\t\t\t<\/div>\n\t\t\t\t\t<\/div>\n\t\t<\/div>\n\t\t\t\t\t<\/div>\n\t\t<\/section>\n\t\t\t\t<section class=\"elementor-section elementor-top-section elementor-element elementor-element-c53add9 elementor-section-boxed elementor-section-height-default elementor-section-height-default tf-sticky-section tf-sticky-no\" data-id=\"c53add9\" data-element_type=\"section\" data-e-type=\"section\" data-settings=\"{&quot;background_background&quot;:&quot;classic&quot;,&quot;tf_sticky&quot;:&quot;no&quot;}\">\n\t\t\t\t\t\t\t<div class=\"elementor-background-overlay\"><\/div>\n\t\t\t\t\t\t\t<div class=\"elementor-container elementor-column-gap-default\">\n\t\t\t\t\t<div class=\"elementor-column elementor-col-100 elementor-top-column elementor-element elementor-element-f1c79ed\" data-id=\"f1c79ed\" data-element_type=\"column\" data-e-type=\"column\">\n\t\t\t<div class=\"elementor-widget-wrap elementor-element-populated\">\n\t\t\t\t\t\t<section class=\"elementor-section elementor-inner-section elementor-element elementor-element-1236c04 elementor-section-full_width elementor-section-height-default elementor-section-height-default tf-sticky-section tf-sticky-no\" data-id=\"1236c04\" data-element_type=\"section\" data-e-type=\"section\" data-settings=\"{&quot;background_background&quot;:&quot;classic&quot;,&quot;tf_sticky&quot;:&quot;no&quot;}\">\n\t\t\t\t\t\t<div class=\"elementor-container elementor-column-gap-default\">\n\t\t\t\t\t<div class=\"elementor-column elementor-col-50 elementor-inner-column elementor-element elementor-element-eb5ab21\" data-id=\"eb5ab21\" data-element_type=\"column\" data-e-type=\"column\">\n\t\t\t<div class=\"elementor-widget-wrap elementor-element-populated\">\n\t\t\t\t\t\t<div class=\"elementor-element elementor-element-ad09a8a elementor-invisible elementor-widget elementor-widget-heading\" data-id=\"ad09a8a\" data-element_type=\"widget\" data-e-type=\"widget\" data-settings=\"{&quot;_animation&quot;:&quot;fadeInUp&quot;}\" data-widget_type=\"heading.default\">\n\t\t\t\t<div class=\"elementor-widget-container\">\n\t\t\t\t\t<h6 class=\"elementor-heading-title elementor-size-default\">Entenda o que a Mogai pode fazer pela sua empresa.\n\n<\/h6>\t\t\t\t<\/div>\n\t\t\t\t<\/div>\n\t\t\t\t<div class=\"elementor-element elementor-element-fc62d97 elementor-invisible elementor-widget elementor-widget-heading\" data-id=\"fc62d97\" data-element_type=\"widget\" data-e-type=\"widget\" data-settings=\"{&quot;_animation&quot;:&quot;fadeInUp&quot;,&quot;_animation_delay&quot;:80}\" data-widget_type=\"heading.default\">\n\t\t\t\t<div class=\"elementor-widget-container\">\n\t\t\t\t\t<h2 class=\"elementor-heading-title elementor-size-default\">Solu\u00e7\u00f5es para problemas complexos na ind\u00fastria<\/h2>\t\t\t\t<\/div>\n\t\t\t\t<\/div>\n\t\t\t\t<div class=\"elementor-element elementor-element-f54cd14 elementor-align-left elementor-invisible elementor-widget elementor-widget-button\" data-id=\"f54cd14\" data-element_type=\"widget\" data-e-type=\"widget\" data-settings=\"{&quot;_animation&quot;:&quot;fadeInUp&quot;,&quot;_animation_delay&quot;:140}\" data-widget_type=\"button.default\">\n\t\t\t\t<div class=\"elementor-widget-container\">\n\t\t\t\t\t\t\t\t\t<div class=\"elementor-button-wrapper\">\n\t\t\t\t\t<a class=\"elementor-button elementor-button-link elementor-size-sm elementor-animation-shrink\" href=\"#\">\n\t\t\t\t\t\t<span class=\"elementor-button-content-wrapper\">\n\t\t\t\t\t\t<span class=\"elementor-button-icon\">\n\t\t\t\t<i aria-hidden=\"true\" class=\"fas fa-arrow-right\"><\/i>\t\t\t<\/span>\n\t\t\t\t\t\t\t\t\t<span class=\"elementor-button-text\">Saiba mais<\/span>\n\t\t\t\t\t<\/span>\n\t\t\t\t\t<\/a>\n\t\t\t\t<\/div>\n\t\t\t\t\t\t\t\t<\/div>\n\t\t\t\t<\/div>\n\t\t\t\t\t<\/div>\n\t\t<\/div>\n\t\t\t\t<div class=\"elementor-column elementor-col-50 elementor-inner-column elementor-element elementor-element-f11a9bf\" data-id=\"f11a9bf\" data-element_type=\"column\" data-e-type=\"column\">\n\t\t\t<div class=\"elementor-widget-wrap\">\n\t\t\t\t\t\t\t<\/div>\n\t\t<\/div>\n\t\t\t\t\t<\/div>\n\t\t<\/section>\n\t\t\t\t\t<\/div>\n\t\t<\/div>\n\t\t\t\t\t<\/div>\n\t\t<\/section>\n\t\t\t\t<\/div>","protected":false},"excerpt":{"rendered":"<p>Sobre \u201cMedir, monitorar e melhorar processos complexos de forma simples e objetiva\u201d \u00e9 o que nos move A Mogai surgiu, em 1997, da percep\u00e7\u00e3o da car\u00eancia do mercado por softwares voltados para qualidade e a falta de aplica\u00e7\u00e3o de t\u00e9cnicas de engenharia de softwares. O primeiro contrato firmado foi com a Vale, que acabara de [&hellip;]<\/p>\n","protected":false},"author":1,"featured_media":0,"parent":0,"menu_order":0,"comment_status":"closed","ping_status":"closed","template":"elementor_header_footer","meta":{"_monsterinsights_skip_tracking":false,"_monsterinsights_sitenote_active":false,"_monsterinsights_sitenote_note":"","_monsterinsights_sitenote_category":0,"footnotes":""},"class_list":["post-25","page","type-page","status-publish","hentry"],"_links":{"self":[{"href":"https:\/\/mogai.com.br\/en\/wp-json\/wp\/v2\/pages\/25","targetHints":{"allow":["GET"]}}],"collection":[{"href":"https:\/\/mogai.com.br\/en\/wp-json\/wp\/v2\/pages"}],"about":[{"href":"https:\/\/mogai.com.br\/en\/wp-json\/wp\/v2\/types\/page"}],"author":[{"embeddable":true,"href":"https:\/\/mogai.com.br\/en\/wp-json\/wp\/v2\/users\/1"}],"replies":[{"embeddable":true,"href":"https:\/\/mogai.com.br\/en\/wp-json\/wp\/v2\/comments?post=25"}],"version-history":[{"count":18,"href":"https:\/\/mogai.com.br\/en\/wp-json\/wp\/v2\/pages\/25\/revisions"}],"predecessor-version":[{"id":485,"href":"https:\/\/mogai.com.br\/en\/wp-json\/wp\/v2\/pages\/25\/revisions\/485"}],"wp:attachment":[{"href":"https:\/\/mogai.com.br\/en\/wp-json\/wp\/v2\/media?parent=25"}],"curies":[{"name":"wp","href":"https:\/\/api.w.org\/{rel}","templated":true}]}}